{"id":71,"date":"2021-02-13T14:05:11","date_gmt":"2021-02-13T13:05:11","guid":{"rendered":"http:\/\/coffee-bike-eder.de\/?page_id=71"},"modified":"2021-02-13T14:16:39","modified_gmt":"2021-02-13T13:16:39","slug":"agb-catering","status":"publish","type":"page","link":"https:\/\/coffee-bike-eder.de\/index.php\/agb-catering\/","title":{"rendered":"AGB Catering"},"content":{"rendered":"\n<h1 class=\"wp-block-heading\">Allgemeine Gesch\u00e4ftsbedingungen<\/h1>\n\n\n\n<p>Allgemeine Gesch\u00e4ftsbedingungen (AGB) <\/p>\n\n\n\n<p><strong>\u00a7 1 Geltungsbereich<br><\/strong><br>Die nachfolgenden allgemeinen Gesch\u00e4ftsbedingungen gelten in der jeweils zum Zeitpunkt des Vertragsschlusses g\u00fcltigen Fassung f\u00fcr alle von der Rheinland.Coffee GmbH erbrachten Lieferungen und Leistungen bei<strong>\u00a0Buchung von Events und im Coffee-Catering<\/strong>. <br><br>Alle zwischen dem Kunden und dem Anbieter im Zusammenhang mit dem Vertragsschluss getroffenen Vereinbarungen ergeben sich insbesondere aus diesen Vertragsbedingungen, der schriftlichen Auftragsbest\u00e4tigung und der Annahmeerkl\u00e4rung des Anbieters.<br><br>Allgemeine Bedingungen des Kunden werden nur dann Bestandteil des Vertrages, wenn sie vom Anbieter schriftlich anerkannt werden. Die Abnahme der Leistung des Anbieters gilt in jedem Falle als Anerkennung dieser Allgemeinen Gesch\u00e4ftsbedingungen..<br><br><strong>\u00a7 2 Vertragsabschluss<br><\/strong><br>(1) Ein vom Kunden erteilter Auftrag ist ein bindendes Angebot.<br><br>(2) Der Vertragsschluss erfolgt erst mit der Annahme des vom Kunden erteilten Auftrages seitens des Anbieters. Die Erkl\u00e4rung der Annahme kann durch den Anbieter ebenfalls konkludent durch die Lieferung der vom Kunden bestellten Waren erfolgen.<br><br>(3) Eine vorab vom Anbieter erhaltene Empfangsbest\u00e4tigung \u00fcber den Auftrag stellt noch keine Auftragsbest\u00e4tigung und somit keine Annahme dar, sondern Informiert den Kunden lediglich \u00fcber den Erhalt des Angebotes vom Kunden<br><br>(4) Sollte die Lieferung nicht m\u00f6glich sein, sieht der Anbieter von einer Annahmeerkl\u00e4rung nach Abs. 3 ab. In diesem Fall kommt ein Vertrag nicht zustande. Der Anbieter wird den Kunden dar\u00fcber unverz\u00fcglich unterrichten und bereits erhaltene Gegenleistungen unverz\u00fcglich zur\u00fcckerstatten.<br><br><strong>\u00a7 3 Allgemeines zu der Erbringung von Dienstleistungen im Coffee-Catering<br><\/strong><br>Besteht der Auftrag aus einer Dienstleistung seitens des Anbieters, so erfolgt die Leistung an dem zwischen den Parteien vereinbarten Termin. Der Aufbau und die Vorbereitung des Coffee-Bikes beginnen zwischen 15-90 Minuten vor dem vereinbarten Beginn der Leistungserbringung. Der Kunde hat die Erreichbarkeit des Leistungsortes sicherzustellen (siehe auch \u00a7 5 dieser allgemeinen Gesch\u00e4ftsbedingungen). Abweichende Vereinbarungen zum Zeitpunkt von Aufbau und Vorbereitung haben schriftlich zu erfolgen.<br><br>Der Ausschank der Getr\u00e4nke erfolgt in To-Go-Bechern, soweit nicht etwas anderes vereinbart ist. Gegen Aufpreis kann auch ein Ausschank in Gl\u00e4sern oder Porzellan erfolgen.<br><br><strong>\u00a7 4 Preise von Dienstleistungen, Zusatzleistungen und Nebenkosten<br><\/strong><br>Die in den Angeboten f\u00fcr Events aufgef\u00fchrten Preise verstehen sich stets zzgl. Mehrwertsteuer. Soweit nichts anderes angegeben, beinhalten die Preise die Miete f\u00fcr das Coffee-Bike, einen Barista f\u00fcr den Mietzeitraum, die Servicepauschale f\u00fcr den Auf- und Abbau und die Endreinigung sowie die Anfahrts-\/Reisekosten.<br><br>Die ausgegebenen Getr\u00e4nke werden nach dem Verzehr abgerechnet und fallen zus\u00e4tzlich zum Angebotspreis an, es sei denn, es wurde im Angebot oder in sonstiger Weise schriftlich zwischen den Vertragspartnern etwas anderes vereinbart. Die Getr\u00e4nkepreise ergeben sich aus der jeweils aktuellen Preisliste f\u00fcr Getr\u00e4nke.<br><br>Das Angebot besteht grunds\u00e4tzlich aus den in der Preisliste f\u00fcr Getr\u00e4nke aufgef\u00fchrten Kaffeespezialit\u00e4ten. Der Ausschank und die Ausgabe von weiteren Getr\u00e4nken und ausgesuchten Patisserie-Spezialit\u00e4ten ebenfalls m\u00f6glich und werden nach Vereinbarung abgerechnet.<br><br>Alternativ zur Abrechnung gem. Abs. 2, k\u00f6nnen die Vertragspartner auch die Abrechnung der Kaffeespezialit\u00e4ten im Rahmen einer Pauschale vereinbaren. Die gew\u00fcnschte Abrechnungsart hat der Kunde dem Anbieter vor dem Event mitzuteilen. Erfolgt keine Mitteilung, so gilt die Abrechnung nach dem Verzehr gem\u00e4\u00df der jeweils aktuellen Preisliste f\u00fcr Getr\u00e4nke als vereinbart.<br><br>Die Kosten f\u00fcr Zusatzleistungen und Nebenprodukte, wie beispielsweise ein kundenspezifisches Branding, Speisen, weitere Getr\u00e4nke oder sonstige Auftr\u00e4ge des Kunden, fallen ebenfalls zus\u00e4tzlich zum Angebotspreis an, sofern nicht etwas anderes im Angebot oder in sonstiger Weise schriftlich zwischen den Vertragspartnern vereinbart wurde.<br><br>Erfordern Nebenleistungen Vorlaufzeiten, so informiert der Anbieter den Kunden hier\u00fcber.\u00a0<br><br><strong>\u00a7 5 Allgemeine Pflichten und Obliegenheiten des Kunden bei Dienstleistungen<br><\/strong><br>F\u00fcr das Coffee-Bike auf Events gibt es diverse Anforderungen an den Aufstellort. Der Kunde hat daf\u00fcr Sorge zu tragen, dass der geplante Aufstellort diese Anforderungen erf\u00fcllt und das Coffee-Bike ohne ben\u00f6tigte Hilfsmittel an diesen Ort gelangen kann. Etwaige Hindernisse durch die Nichteinhaltung der Voraussetzungen gehen zu Lasten des Kunden. Der Anbieter haftet insoweit nicht f\u00fcr eine mangelhafte oder unm\u00f6gliche Erbringung der Dienstleistung im Zusammenhang mit dem Fehlen der Voraussetzungen. Die Voraussetzungen ergeben sich aus den folgenden Abs. 2-6.<br><br>Sofern keine anderen Ma\u00dfe angegeben wurden, lauten die Ma\u00dfe des Coffee-Bikes im Transportzustand L\u00e4nge = 300 cm, Breite = 125 cm und H\u00f6he = 185 cm. Ferner hat das Coffee-Bike ein Gewicht von bis zu 500 kg. Der Kunde hat daher sicherzustellen, dass alle Wege und Durchfahrten zum Aufstellort f\u00fcr diese Ma\u00dfe und Gewicht ausgelegt sind. Insbesondere ist zu beachten, dass die Anlieferung mit einem Transportfahrzeug nur ebenerdig erfolgen kann und keine Laderampen oder \u00e4hnliches bedient werden k\u00f6nnen.<br><br>Soll das Coffee-Bike \u00fcber einen Aufzug in eine nicht ebenerdige Etage eines Geb\u00e4udes verbracht werden, so muss dieser ausreichend gro\u00df dimensioniert sein sowie eine ausreichende zul\u00e4ssige Nutzlast besitzen. Der Kunde hat daf\u00fcr Sorge zu tragen, dass das Coffee-Bike mit den o.g. Ma\u00dfen in den jeweiligen Aufzug passt. Steigungen k\u00f6nnen ebenfalls nur eingeschr\u00e4nkt mit dem Coffee-Bike bew\u00e4ltigt werden. Im Zweifel sind m\u00f6gliche Hindernisse stets vor Auftragsvergabe mit dem Anbieter zu er\u00f6rtern.<br><br>F\u00fcr die Aufstellung des Coffee-Bikes wird ein ebenfalls ausreichend gro\u00df dimensionierter Raum ben\u00f6tigt. Es wird als reine Aufstellfl\u00e4che ein Platz von L\u00e4nge = 300 cm und Breite = 125 cm ben\u00f6tigt. Mit ausgefahrenem Dach ben\u00f6tigt das Coffee-Bike ferner eine Raumh\u00f6he von 245 cm. Es ist weiterhin zu beachten, dass ab einer H\u00f6he von 200 cm nach Vorne und an beiden Seiten ein Dach\u00fcberstand von 50 cm zu den Grundma\u00dfen hinzukommt.<br><br>Das Coffee-Bike kann v\u00f6llig autark, also ohne einen Strom- und Wasseranschluss arbeiten. Bei gr\u00f6\u00dferen Events wird jedoch in angemessener N\u00e4he ein Zugang zu einer Trinkwasserversorgung zum Wiederauff\u00fcllen des vorhandenen Vorrats ben\u00f6tigt.<br><br>Bei Indoor-Events, zu besonderen Sto\u00dfzeiten oder bei dauerhaft sehr hoher Besucherfrequenz ist zus\u00e4tzlich ein externer Stromanschluss am Standort des Coffee-Bikes sinnvoll, um den erh\u00f6hten Anforderungen beim Ausschank gerecht werden zu k\u00f6nnen. Dieser Anschluss muss f\u00fcr einen Schutz-Kontakt-Stecker (auch: Schukostecker) mit einer Spannung von 230 Volt bei 50 Hertz ausgelegt sein, mindestens f\u00fcr eine Strombelastung von 16 Ampereabgesichert sein und dar\u00fcber hinaus ein mindestens ein 2,5 mm\u00b2 Zuleitungskabel besitzen. Bei Unklarheiten zur Notwendigkeit eines externen Stromanschlusses hat sich der Kunde im Vorfeld mit dem Anbieter in Verbindung zu setzen.<br><br>Die Anzahl der Getr\u00e4nke, die pro Stunde zubereitet werden k\u00f6nnen ist limitiert. Erfahrungsgem\u00e4\u00df liegt die maximale Anzahl bei einem Barista bei bis zu 60 Getr\u00e4nken und bei zwei Baristas bei bis zu 100 Getr\u00e4nken pro Stunde pro Coffee-Bike. Diese Angaben beruhen auf Erfahrungswerten und sind als Richtwert zu verstehen, je nach Art der Getr\u00e4nke und den \u00e4u\u00dferen Umst\u00e4nden der Veranstaltung kann die tats\u00e4chlich ausgegebene Anzahl Getr\u00e4nke abweichen.<br><br><strong>\u00a7 6 Stornierung von bestellten Dienstleistungen<br><\/strong><br>(1) Bei der Buchung von Dienstleistungen f\u00fcr Events kann der Vertrag vom Kunden bis sp\u00e4testens drei Monate vor dem geplanten Termin ohne Entrichtung einer Stornogeb\u00fchr durch einseitige Erkl\u00e4rung aufgel\u00f6st werden. Au\u00dferhalb dieses Zeitraums ist eine Aufl\u00f6sung durch den Kunden im Rahmen einer einseitigen Erkl\u00e4rung nur unter Entrichtung folgender Stornogeb\u00fchren m\u00f6glich:<br><br>bis ein Monat vor dem Eventtermin: 25 % vom Auftragswert<br>bis zwei Wochen vor dem Eventtermin: 50 % vom Auftragswert<br>bis eine Woche vor dem Eventtermin: 75 % vom Auftragswert<br>in der letzten Woche vor dem Eventtermin: 90 % vom Auftragswert<\/p>\n\n\n\n<p><br>(2) Die Geltendmachung und der Nachweis eines gr\u00f6\u00dferen oder geringeren Schadens, als der pauschalisierte des Abs. 1 bleibt vorbehalten. Ferner gilt Abs. 1 nicht, wenn der Kunde den Grund f\u00fcr die L\u00f6sung vom Vertrag nicht zu vertreten hat.<br><br><strong>\u00a7 7 Zahlungsbedingungen und Aufrechnung<br><\/strong><br>Das geschuldete Entgelt und ggf. die Versandkosten sind sp\u00e4testens binnen sieben Tage ab Zugang der Rechnung zu bezahlen und ist ausschlie\u00dflich auf das in der Rechnung genannte Konto zu leisten. Eine Anzahlung kann vereinbart werden.<br><br>Nur soweit etwaige Gegenanspr\u00fcche des Kunden rechtskr\u00e4ftig festgestellt und unbestritten sind, stehen dem Kunden Aufrechnungsrechte zu.<br><br><strong>\u00a7 8 Haftung<br><\/strong><br>(1) Der Anbieter haftet dem Kunden gegen\u00fcber in allen F\u00e4llen vertraglicher und au\u00dfervertraglicher Haftung bei Vorsatz und grober Fahrl\u00e4ssigkeit nach Ma\u00dfgabe der gesetzlichen Bestimmungen auf Schadensersatz oder Ersatz vergeblicher Aufwendungen.<br><br>(2) In sonstigen F\u00e4llen haftet der Anbieter \u2013 soweit in Abs. 3 nicht abweichend geregelt \u2013 nur bei Verletzung einer Vertragspflicht, deren Erf\u00fcllung die ordnungsgem\u00e4\u00dfe Durchf\u00fchrung des Vertrags \u00fcberhaupt erst erm\u00f6glicht und auf deren Einhaltung der Kunde regelm\u00e4\u00dfig vertrauen darf (so genannte Kardinalpflicht), und zwar beschr\u00e4nkt auf den Ersatz des vorhersehbaren und typischen Schadens. In allen \u00fcbrigen F\u00e4llen ist unsere Haftung vorbehaltlich der Regelung in Abs. 3 ausgeschlossen.<br><br>(3) Die Haftung des Anbieters f\u00fcr Sch\u00e4den aus der Verletzung des Lebens, des K\u00f6rpers oder der Gesundheit und nach dem Produkthaftungsgesetz, sowie f\u00fcr garantierte Beschaffenheitsmerkmale i.S.d. \u00a7 444 BGB bleibt von den vorstehenden Haftungsbeschr\u00e4nkungen und -ausschl\u00fcssen unber\u00fchrt.<br><br><strong>\u00a7 9 Urheberrechte<br><\/strong><br>Der Anbieter beh\u00e4lt sich an allen Abbildungen, Zeichnungen, Kalkulationen und sonstigen Unterlagen Eigentums- und Urheberrechte vor. Davon sind ebenfalls solche schriftlichen Unterlagen erfasst, die als \u201evertraulich\u201c bezeichnet sind. Eine Weitergabe an Dritte darf durch den Kunden nicht ohne eine ausdr\u00fcckliche schriftliche Zustimmung des Anbieters erfolgen. Der Anbieter ist berechtigt \u00f6ffentlichkeitswirksam, insbesondere im Rahmen seiner Internetpr\u00e4senz auf abgewickelte Auftr\u00e4ge als Referenz hinzuweisen. Hierbei ist es dem Anbieter insbesondere auch gestattet, neben der reinen Benennung des Kunden auch entsprechende Logos als Referenz zu nutzen.<br><br><strong>\u00a7 10 Schlussbestimmungen<br><\/strong><br>Es gilt das Recht der Bundesrepublik Deutschland unter Ausschluss des UN-Kaufrechts. Wenn Sie die Bestellung als Verbraucher abgegeben haben und zum Zeitpunkt Ihrer Bestellung Ihren gew\u00f6hnlichen Aufenthalt in einem anderen Land haben, bleibt die Anwendung zwingender Rechtsvorschriften dieses Landes von der in Satz 1 getroffenen Rechtswahl unber\u00fchrt.<br><br>Handelt es sich bei dem Kunden um einen Kaufmann, um eine juristische Person des \u00f6ffentlichen Rechts oder um ein \u00f6ffentlich-rechtliches Sonderverm\u00f6gen, so ist f\u00fcr alle Streitigkeiten aus dem Vertragsverh\u00e4ltnis zwischen dem Kunden und dem Anbieter ausschlie\u00dflich der Sitz des Anbieters Gerichtsstand.<\/p>\n","protected":false},"excerpt":{"rendered":"<p>Allgemeine Gesch\u00e4ftsbedingungen Allgemeine Gesch\u00e4ftsbedingungen (AGB) \u00a7 1 GeltungsbereichDie nachfolgenden allgemeinen Gesch\u00e4ftsbedingungen gelten in der jeweils zum Zeitpunkt des Vertragsschlusses g\u00fcltigen Fassung f\u00fcr alle von der Rheinland.Coffee GmbH erbrachten Lieferungen und Leistungen bei\u00a0Buchung von Events und im Coffee-Catering. Alle zwischen dem Kunden und dem Anbieter im Zusammenhang mit dem Vertragsschluss getroffenen Vereinbarungen ergeben sich insbesondere aus [&hellip;]<\/p>\n","protected":false},"author":2,"featured_media":0,"parent":0,"menu_order":0,"comment_status":"closed","ping_status":"closed","template":"","meta":{"footnotes":""},"class_list":["post-71","page","type-page","status-publish","hentry"],"_links":{"self":[{"href":"https:\/\/coffee-bike-eder.de\/index.php\/wp-json\/wp\/v2\/pages\/71","targetHints":{"allow":["GET"]}}],"collection":[{"href":"https:\/\/coffee-bike-eder.de\/index.php\/wp-json\/wp\/v2\/pages"}],"about":[{"href":"https:\/\/coffee-bike-eder.de\/index.php\/wp-json\/wp\/v2\/types\/page"}],"author":[{"embeddable":true,"href":"https:\/\/coffee-bike-eder.de\/index.php\/wp-json\/wp\/v2\/users\/2"}],"replies":[{"embeddable":true,"href":"https:\/\/coffee-bike-eder.de\/index.php\/wp-json\/wp\/v2\/comments?post=71"}],"version-history":[{"count":4,"href":"https:\/\/coffee-bike-eder.de\/index.php\/wp-json\/wp\/v2\/pages\/71\/revisions"}],"predecessor-version":[{"id":332,"href":"https:\/\/coffee-bike-eder.de\/index.php\/wp-json\/wp\/v2\/pages\/71\/revisions\/332"}],"wp:attachment":[{"href":"https:\/\/coffee-bike-eder.de\/index.php\/wp-json\/wp\/v2\/media?parent=71"}],"curies":[{"name":"wp","href":"https:\/\/api.w.org\/{rel}","templated":true}]}}