{"id":6,"date":"2021-02-20T10:26:21","date_gmt":"2021-02-20T09:26:21","guid":{"rendered":"http:\/\/coffee-bike-eder.de\/?page_id=6"},"modified":"2023-11-19T11:24:34","modified_gmt":"2023-11-19T10:24:34","slug":"ueber-uns","status":"publish","type":"page","link":"https:\/\/coffee-bike-eder.de\/index.php\/ueber-uns\/","title":{"rendered":"\u00dcber Uns:"},"content":{"rendered":"\n<div class=\"wp-block-group\"><div class=\"wp-block-group__inner-container is-layout-flow wp-block-group-is-layout-flow\">\n<figure class=\"wp-block-image size-large is-style-rounded\"><img loading=\"lazy\" decoding=\"async\" width=\"293\" height=\"273\" src=\"http:\/\/coffee-bike-eder.de\/wp-content\/uploads\/2021\/02\/logo_coffee-bike_2018_mid.png\" alt=\"\" class=\"wp-image-82\" \/><\/figure>\n<\/div><\/div>\n\n\n\n<div class=\"wp-block-group\"><div class=\"wp-block-group__inner-container is-layout-flow wp-block-group-is-layout-flow\">\n<div class=\"wp-block-group\"><div class=\"wp-block-group__inner-container is-layout-flow wp-block-group-is-layout-flow\">\n<p><\/p>\n<\/div><\/div>\n<\/div><\/div>\n\n\n\n<pre class=\"wp-block-preformatted\">Coffee-Bike-Eder ist Ihr Partner im mobilen Coffee-Catering.\nSeit 2019 vertrauen uns Kunden aller Branchen.<\/pre>\n\n\n\n<div class=\"wp-block-media-text alignwide is-stacked-on-mobile\"><figure class=\"wp-block-media-text__media\"><img loading=\"lazy\" decoding=\"async\" width=\"768\" height=\"1024\" src=\"http:\/\/coffee-bike-eder.de\/wp-content\/uploads\/2021\/02\/C89B9108-265D-4EE3-BF5E-B04E3C7EA0AB-768x1024.jpeg\" alt=\"\" class=\"wp-image-107 size-full\" srcset=\"https:\/\/coffee-bike-eder.de\/wp-content\/uploads\/2021\/02\/C89B9108-265D-4EE3-BF5E-B04E3C7EA0AB-768x1024.jpeg 768w, https:\/\/coffee-bike-eder.de\/wp-content\/uploads\/2021\/02\/C89B9108-265D-4EE3-BF5E-B04E3C7EA0AB-225x300.jpeg 225w, https:\/\/coffee-bike-eder.de\/wp-content\/uploads\/2021\/02\/C89B9108-265D-4EE3-BF5E-B04E3C7EA0AB-1152x1536.jpeg 1152w, https:\/\/coffee-bike-eder.de\/wp-content\/uploads\/2021\/02\/C89B9108-265D-4EE3-BF5E-B04E3C7EA0AB-1536x2048.jpeg 1536w, https:\/\/coffee-bike-eder.de\/wp-content\/uploads\/2021\/02\/C89B9108-265D-4EE3-BF5E-B04E3C7EA0AB-scaled.jpeg 1920w\" sizes=\"auto, (max-width: 768px) 100vw, 768px\" \/><\/figure><div class=\"wp-block-media-text__content\">\n<p>Unser Handwerk kann man schmecken &#8211; und das beweisen unsere ausgebildeten Barista jeden Tag. Wir bem\u00fchen uns jeden Tag von Neuem, unserem und Ihrem Anspruch an Geschmack und Qualit\u00e4t vollst\u00e4ndig zu gen\u00fcgen, sie zu begeistern und Ihnen einen sch\u00f6nen Genussmoment zu verschaffen.<\/p>\n<\/div><\/div>\n\n\n\n<p><\/p>\n","protected":false},"excerpt":{"rendered":"<p>Coffee-Bike-Eder ist Ihr Partner im mobilen Coffee-Catering. Seit 2019 vertrauen uns Kunden aller Branchen. Unser Handwerk kann man schmecken &#8211; und das beweisen unsere ausgebildeten Barista jeden Tag. Wir bem\u00fchen uns jeden Tag von Neuem, unserem und Ihrem Anspruch an Geschmack und Qualit\u00e4t vollst\u00e4ndig zu gen\u00fcgen, sie zu begeistern und Ihnen einen sch\u00f6nen Genussmoment zu [&hellip;]<\/p>\n","protected":false},"author":2,"featured_media":0,"parent":0,"menu_order":0,"comment_status":"closed","ping_status":"closed","template":"","meta":{"footnotes":""},"class_list":["post-6","page","type-page","status-publish","hentry"],"_links":{"self":[{"href":"https:\/\/coffee-bike-eder.de\/index.php\/wp-json\/wp\/v2\/pages\/6","targetHints":{"allow":["GET"]}}],"collection":[{"href":"https:\/\/coffee-bike-eder.de\/index.php\/wp-json\/wp\/v2\/pages"}],"about":[{"href":"https:\/\/coffee-bike-eder.de\/index.php\/wp-json\/wp\/v2\/types\/page"}],"author":[{"embeddable":true,"href":"https:\/\/coffee-bike-eder.de\/index.php\/wp-json\/wp\/v2\/users\/2"}],"replies":[{"embeddable":true,"href":"https:\/\/coffee-bike-eder.de\/index.php\/wp-json\/wp\/v2\/comments?post=6"}],"version-history":[{"count":9,"href":"https:\/\/coffee-bike-eder.de\/index.php\/wp-json\/wp\/v2\/pages\/6\/revisions"}],"predecessor-version":[{"id":481,"href":"https:\/\/coffee-bike-eder.de\/index.php\/wp-json\/wp\/v2\/pages\/6\/revisions\/481"}],"wp:attachment":[{"href":"https:\/\/coffee-bike-eder.de\/index.php\/wp-json\/wp\/v2\/media?parent=6"}],"curies":[{"name":"wp","href":"https:\/\/api.w.org\/{rel}","templated":true}]}}