{"id":314,"date":"2022-01-19T12:13:39","date_gmt":"2022-01-19T11:13:39","guid":{"rendered":"http:\/\/coffee-bike-eder.de\/?page_id=314"},"modified":"2022-01-19T12:21:13","modified_gmt":"2022-01-19T11:21:13","slug":"voraussetzungen-fuer-betrieb","status":"publish","type":"page","link":"http:\/\/coffee-bike-eder.de\/index.php\/voraussetzungen-fuer-betrieb\/","title":{"rendered":"Voraussetzungen f\u00fcr Betrieb"},"content":{"rendered":"\n<p>um das Coffee-Bike einzusetzen sind folgende Voraussetzungen zu gew\u00e4hrleisten:<\/p>\n\n\n\n<p>wir ben\u00f6tigen einen einigerma\u00dfen ebenen Stellplatz, sowie eine stufenfreie, m\u00f6glichst befestigte Zufahrt ohne gro\u00dfe Steigungen (hier kann einiges durch Manpower ausgeglichen werden)<\/p>\n\n\n\n<p>Ihr findet die Daten des Coffee-Bike hier<\/p>\n\n\n\n<figure class=\"wp-block-image size-full\"><img loading=\"lazy\" decoding=\"async\" width=\"431\" height=\"606\" src=\"http:\/\/coffee-bike-eder.de\/wp-content\/uploads\/2022\/01\/5A1971EC-110B-461A-B95D-54FD3D28B231.png\" alt=\"Datenblatt\" class=\"wp-image-316\" srcset=\"http:\/\/coffee-bike-eder.de\/wp-content\/uploads\/2022\/01\/5A1971EC-110B-461A-B95D-54FD3D28B231.png 431w, http:\/\/coffee-bike-eder.de\/wp-content\/uploads\/2022\/01\/5A1971EC-110B-461A-B95D-54FD3D28B231-213x300.png 213w\" sizes=\"auto, (max-width: 431px) 100vw, 431px\" \/><\/figure>\n","protected":false},"excerpt":{"rendered":"<p>um das Coffee-Bike einzusetzen sind folgende Voraussetzungen zu gew\u00e4hrleisten: wir ben\u00f6tigen einen einigerma\u00dfen ebenen Stellplatz, sowie eine stufenfreie, m\u00f6glichst befestigte Zufahrt ohne gro\u00dfe Steigungen (hier kann einiges durch Manpower ausgeglichen werden) Ihr findet die Daten des Coffee-Bike hier<\/p>\n","protected":false},"author":2,"featured_media":0,"parent":0,"menu_order":0,"comment_status":"closed","ping_status":"closed","template":"","meta":{"footnotes":""},"class_list":["post-314","page","type-page","status-publish","hentry"],"_links":{"self":[{"href":"http:\/\/coffee-bike-eder.de\/index.php\/wp-json\/wp\/v2\/pages\/314","targetHints":{"allow":["GET"]}}],"collection":[{"href":"http:\/\/coffee-bike-eder.de\/index.php\/wp-json\/wp\/v2\/pages"}],"about":[{"href":"http:\/\/coffee-bike-eder.de\/index.php\/wp-json\/wp\/v2\/types\/page"}],"author":[{"embeddable":true,"href":"http:\/\/coffee-bike-eder.de\/index.php\/wp-json\/wp\/v2\/users\/2"}],"replies":[{"embeddable":true,"href":"http:\/\/coffee-bike-eder.de\/index.php\/wp-json\/wp\/v2\/comments?post=314"}],"version-history":[{"count":1,"href":"http:\/\/coffee-bike-eder.de\/index.php\/wp-json\/wp\/v2\/pages\/314\/revisions"}],"predecessor-version":[{"id":317,"href":"http:\/\/coffee-bike-eder.de\/index.php\/wp-json\/wp\/v2\/pages\/314\/revisions\/317"}],"wp:attachment":[{"href":"http:\/\/coffee-bike-eder.de\/index.php\/wp-json\/wp\/v2\/media?parent=314"}],"curies":[{"name":"wp","href":"https:\/\/api.w.org\/{rel}","templated":true}]}}